{"id":4814,"date":"2020-08-31T17:51:08","date_gmt":"2020-08-31T09:51:08","guid":{"rendered":"http:\/\/huadongswacable.com\/?page_id=4814"},"modified":"2022-12-21T15:15:23","modified_gmt":"2022-12-21T07:15:23","slug":"240mm-single-core-cable","status":"publish","type":"page","link":"https:\/\/huadongswacable.com\/de\/240mm-einzelader-kabel\/","title":{"rendered":"Preis f\u00fcr 11kv 15kv 33kv 240mm einadriges Kabel"},"content":{"rendered":"<p><img loading=\"lazy\" decoding=\"async\" width=\"750\" height=\"268\" class=\"wp-image-4821 size-full aligncenter\" src=\"https:\/\/huadongswacable.com\/wp-content\/uploads\/2020\/09\/240mm-single-core-cable-structure.jpg\" alt=\"&quot;&lt;Joastmark\" srcset=\"https:\/\/huadongswacable.com\/wp-content\/uploads\/2020\/09\/240mm-single-core-cable-structure.jpg 750w, https:\/\/huadongswacable.com\/wp-content\/uploads\/2020\/09\/240mm-single-core-cable-structure-300x107.jpg 300w\" sizes=\"auto, (max-width: 750px) 100vw, 750px\" \/><\/p>\n<p style=\"text-align: center;\"><span class=\"su-lightbox\" data-mfp-src=\"#Popup\" data-mfp-type=\"inline\" data-mobile=\"yes\"><button class=\"btn btn-danger btn-sm\" ><i class=\"fa fa-hand-o-right\" style=\"color:#ffffff;\"><\/i> Angebot einholen<\/button><\/span>\n<h2>Wie viel kostet ein einadriges 240-mm-Kabel?<\/h2>\n<p>Wenn Sie nach 11kv 1c x 240mm Schirmkabel suchen, k\u00f6nnen Sie viele Preise von verschiedenen Anbietern von 1 Ader 240mm Kabel bekommen. Im Allgemeinen, wenn Sie 1 x 240mm2 Marine gepanzerte Kabel Preis fragen, die <a href=\"https:\/\/huadongswacable.com\/de\/240mm-xlpe-kabel-preis\/\" target=\"_blank\" rel=\"noopener noreferrer\">240mm xlpe Kabel<\/a> Lieferant k\u00f6nnen Sie Sie zwei Teile Preis geben. Das enth\u00e4lt 1x 240mm Kupferkabel Preis und seine Versandkosten. Also, wenn Ihre Bestellung ist klein, k\u00f6nnen Sie 1 Kern 240 sq mm 600v cu xlpe pvc swa pvc Stromkabel von lokalen Hersteller kaufen. Wenn Sie jedoch viele Kabel ben\u00f6tigen <a href=\"https:\/\/huadongswacable.com\/de\/3c-x-240mm-xlpe-swa-pvc-cable\/\" target=\"_blank\" rel=\"noopener noreferrer\">15kv 240mm2 3 ader xlpe swa pvc erdkabel<\/a>k\u00f6nnen Sie sich an ausl\u00e4ndische Lieferanten wenden. Weil der Preis von 240mm einadrigem Kabel in anderen L\u00e4ndern viel billiger ist.<\/p>\n<div class=\"row prolisttable\">\n<div class=\"row\"><\/div>\n<div class=\"col-lg-6 col-md-12 col-xs-12 col-sm-12\">\n<img loading=\"lazy\" decoding=\"async\" class=\"aligncenter size-full wp-image-4818\" src=\"https:\/\/huadongswacable.com\/wp-content\/uploads\/2020\/08\/cable-power-electrical-1c-x-240-mm-sq-flexible.jpg\" alt=\"kabel strom elektrisch 1c x 240 mm sq flexibel\" width=\"385\" height=\"388\" srcset=\"https:\/\/huadongswacable.com\/wp-content\/uploads\/2020\/08\/cable-power-electrical-1c-x-240-mm-sq-flexible.jpg 385w, https:\/\/huadongswacable.com\/wp-content\/uploads\/2020\/08\/cable-power-electrical-1c-x-240-mm-sq-flexible-298x300.jpg 298w, https:\/\/huadongswacable.com\/wp-content\/uploads\/2020\/08\/cable-power-electrical-1c-x-240-mm-sq-flexible-150x150.jpg 150w\" sizes=\"auto, (max-width: 385px) 100vw, 385px\" \/><\/div>\n<div class=\"col-lg-6 col-md-12 col-xs-12 col-sm-12\">\n<h2>1 Ader 240mm Kabelstruktur<\/h2>\n<p><strong>Spannung:<\/strong> 0,6\/1kv\uff0c6,6kv, 11kv, 15kv, 12\/20kv \uff0c25\/35kv\uff0c33kv<br \/>\n<strong>Material des Leiters:<\/strong> Kupfer oder Aluminium<br \/>\n<strong>Innerer Halbleiter:<\/strong> Halbleitende Verbindung<br \/>\n<strong>Isolierung:<\/strong> XLPE \/PVC<br \/>\n<strong>Externes Halbleitermaterial:<\/strong> Stranggepresst abziehbar<br \/>\n<strong>Innere und \u00e4u\u00dfere Umh\u00fcllung:<\/strong> PVC<br \/>\n<strong>Typ der R\u00fcstung:<\/strong> AWA (Aluminiumdraht gepanzert)<br \/>\n<strong>Maximale Betriebstemperatur:<\/strong> 90\u00b0C<br \/>\n<strong>Verpackung:<\/strong> Holz- oder Eisentrommel mittlerweile nach Ihren Anforderungen.<\/p>\n<p style=\"text-align: center;\"><span class=\"su-lightbox\" data-mfp-src=\"#Popup\" data-mfp-type=\"inline\" data-mobile=\"yes\"><button class=\"btn btn-danger btn-sm\" ><i class=\"fa fa-hand-o-right\" style=\"color:#ffffff;\"><\/i> Angebot einholen<\/button><\/span>\n<\/div>\n<\/div>\n<p>Bevor Sie Ihre Bestellung aufgeben, k\u00f6nnen Sie viele Kabel al 12\/20kv 1 x 240 mm2 xlpe Lieferanten suchen. Dar\u00fcber hinaus k\u00f6nnen Sie sie fragen, wie viel ist 240mm einadriges Kabel. Dann k\u00f6nnen Sie den Preis von 1 c 240mm Kabel xlpe pvc vergleichen. Huadong ist ein professioneller Hersteller von 1x240mm2 Aluminium Stromkabel in China. Wir haben reiche Erfahrung in Kabel 1cx240mm2 cu xlpe pvc Produktion. Unsere 1 Kern 240mm Kabel Preis hat gro\u00dfe wettbewerbsf\u00e4hig. Hinterlassen Sie einfach Ihre Nachricht, um 240mm x 1 Kern Kabel Angebot zu erhalten.<\/p>\n<div class=\"row prolisttable\">\n<p>&nbsp;<\/p>\n<div class=\"row\"><\/div>\n<div class=\"col-lg-6 col-md-12 col-xs-12 col-sm-12\">\n<img loading=\"lazy\" decoding=\"async\" class=\"aligncenter wp-image-4823\" src=\"https:\/\/huadongswacable.com\/wp-content\/uploads\/2020\/09\/1x240-25-35kv-xlpe-copper-cable-size_\u526f\u672c.jpg\" alt=\"1x240 25 35kv xlpe Kupferkabel Gr\u00f6\u00dfe\" width=\"283\" height=\"283\" srcset=\"https:\/\/huadongswacable.com\/wp-content\/uploads\/2020\/09\/1x240-25-35kv-xlpe-copper-cable-size_\u526f\u672c.jpg 300w, https:\/\/huadongswacable.com\/wp-content\/uploads\/2020\/09\/1x240-25-35kv-xlpe-copper-cable-size_\u526f\u672c-150x150.jpg 150w\" sizes=\"auto, (max-width: 283px) 100vw, 283px\" \/><\/div>\n<div class=\"col-lg-6 col-md-12 col-xs-12 col-sm-12\">\n<h2>1c x 240mm Bildschirmkabel<\/h2>\n<p><strong>Spannung:<\/strong> 0,6\/1kv, 1\/35kv<br \/>\n<strong>Dirigent:<\/strong> Kupfer\/Aluminium<br \/>\n<strong>Abschirmung des Leiters:<\/strong> Extrudierte halbleitende Verbindung.<br \/>\n<strong>Isolierung:<\/strong> XLPE\/PVC<br \/>\n<strong>Abschirmung der Isolierung:<\/strong> Extrudierte halbleitende Verbindung.<br \/>\n<strong>Mantel:<\/strong> PVC<br \/>\n<strong>Verpackung:<\/strong> Holz- oder Eisentrommel mittlerweile nach Ihren Anforderungen.<\/p>\n<p style=\"text-align: center;\"><span class=\"su-lightbox\" data-mfp-src=\"#Popup\" data-mfp-type=\"inline\" data-mobile=\"yes\"><button class=\"btn btn-danger btn-sm\" ><i class=\"fa fa-hand-o-right\" style=\"color:#ffffff;\"><\/i> Angebot einholen<\/button><\/span>\n<\/div>\n<\/div>\n<h2>W\u00e4hlen Sie ein hochwertiges einadriges 240-mm-Kupferkabel<\/h2>\n<p>Wie wir alle wissen, werden die 1\u00d7240 25\/35kv xlpe Kupferkabel zur Strom\u00fcbertragung verwendet. Wenn 240mm <a href=\"https:\/\/huadongswacable.com\/de\/einadriges-panzerkabel\/\" target=\"_blank\" rel=\"noopener noreferrer\">einadriges Kabel<\/a> Wenn die Qualit\u00e4t nicht gut ist, gibt es gro\u00dfe Sicherheitsrisiken. Zum Beispiel, wenn 11kv 1c x 240mm Bildschirm Kabelisolierung nicht qualifiziert ist, ist es leicht zu knacken. Was kann dazu f\u00fchren, dass Kabel al 12 20kv 1 x 240 mm\u00b2 xlpe Zusammenbruch und bedrohen die Sicherheit der Nutzer. So ist es notwendig, Kabel Strom elektrische 1c x 240 mm sq flexibel von zuverl\u00e4ssigen Lieferanten zu kaufen. Was mehr ist, in diesen einadrigen 240 mm\u00b2 Kabel Hersteller Fabrik, k\u00f6nnen Sie auch <a href=\"https:\/\/huadongswacable.com\/de\/240-sq-mm-4-core-armoured-cable-price\/\" target=\"_blank\" rel=\"noopener noreferrer\">4C x 240mm2 Kabel kaufen<\/a>.<\/p>\n<p><img loading=\"lazy\" decoding=\"async\" class=\"aligncenter size-full wp-image-4832\" src=\"https:\/\/huadongswacable.com\/wp-content\/uploads\/2020\/09\/cable-power-electrical-1c-x-240-mm-sq-flexible-manufacturer.jpg\" alt=\"kabel strom elektro 1c x 240 mm sq flexibel hersteller\" width=\"780\" height=\"309\" srcset=\"https:\/\/huadongswacable.com\/wp-content\/uploads\/2020\/09\/cable-power-electrical-1c-x-240-mm-sq-flexible-manufacturer.jpg 780w, https:\/\/huadongswacable.com\/wp-content\/uploads\/2020\/09\/cable-power-electrical-1c-x-240-mm-sq-flexible-manufacturer-300x119.jpg 300w, https:\/\/huadongswacable.com\/wp-content\/uploads\/2020\/09\/cable-power-electrical-1c-x-240-mm-sq-flexible-manufacturer-768x304.jpg 768w\" sizes=\"auto, (max-width: 780px) 100vw, 780px\" \/><\/p>\n<p>Um exzellente 1\u00d7240 25 35kv xlpe Kupferkabel anbieten zu k\u00f6nnen, produzieren wir sie in strikter \u00dcbereinstimmung mit internationalen Standards. Wir verwenden immer \u00fcberlegene Aluminium und Kupfer Material zur Herstellung von Stromkabel xlpe Isolierung pvc ummantelt 6\/10kv 1cx240mm2. Alle 1 x 240mm2 gepanzerten Marinekabel werden streng getestet. Daher k\u00f6nnen Sie sicher sein, 15kv 240mm2 einadrige Erdkabel von unserem Unternehmen zu kaufen. Dar\u00fcber hinaus, wenn Ihre Bestellung ist gro\u00df, k\u00f6nnen wir Ihnen Rabatt 240mm einadriges Kabel Preis.<\/p>\n<div class=\"row prolisttable\">\n<div class=\"row\"><\/div>\n<div class=\"col-lg-6 col-md-12 col-xs-12 col-sm-12\">\n<img loading=\"lazy\" decoding=\"async\" class=\"aligncenter size-full wp-image-4825\" src=\"https:\/\/huadongswacable.com\/wp-content\/uploads\/2020\/09\/3cx240mm2-11kv-cu-xlpe-swa-pvc-cable-for-sale.jpg\" alt=\"3cx240mm2 11kv cu xlpe swa pvc kabel zu verkaufen\" width=\"300\" height=\"300\" srcset=\"https:\/\/huadongswacable.com\/wp-content\/uploads\/2020\/09\/3cx240mm2-11kv-cu-xlpe-swa-pvc-cable-for-sale.jpg 300w, https:\/\/huadongswacable.com\/wp-content\/uploads\/2020\/09\/3cx240mm2-11kv-cu-xlpe-swa-pvc-cable-for-sale-150x150.jpg 150w\" sizes=\"auto, (max-width: 300px) 100vw, 300px\" \/><\/p>\n<p style=\"text-align: center;\"><span class=\"su-lightbox\" data-mfp-src=\"#Popup\" data-mfp-type=\"inline\" data-mobile=\"yes\"><button class=\"btn btn-danger btn-sm\" ><i class=\"fa fa-hand-o-right\" style=\"color:#ffffff;\"><\/i> Angebot einholen<\/button><\/span>\n<\/div>\n<div class=\"col-lg-6 col-md-12 col-xs-12 col-sm-12\">\n<img loading=\"lazy\" decoding=\"async\" class=\"aligncenter size-full wp-image-4826\" src=\"https:\/\/huadongswacable.com\/wp-content\/uploads\/2020\/09\/buy-4C\u00d7240mm-0.6-1kv-cable-.jpg\" alt=\"4C\u00d7240mm 0.6 1kv Kabel kaufen\" width=\"300\" height=\"300\" srcset=\"https:\/\/huadongswacable.com\/wp-content\/uploads\/2020\/09\/buy-4C\u00d7240mm-0.6-1kv-cable-.jpg 300w, https:\/\/huadongswacable.com\/wp-content\/uploads\/2020\/09\/buy-4C\u00d7240mm-0.6-1kv-cable--150x150.jpg 150w\" sizes=\"auto, (max-width: 300px) 100vw, 300px\" \/><\/p>\n<p style=\"text-align: center;\"><span class=\"su-lightbox\" data-mfp-src=\"#Popup\" data-mfp-type=\"inline\" data-mobile=\"yes\"><button class=\"btn btn-danger btn-sm\" ><i class=\"fa fa-hand-o-right\" style=\"color:#ffffff;\"><\/i> Angebot einholen<\/button><\/span>\n<\/div>\n<\/div>\n<div class=\"su-lightbox-content su-u-trim\" id=\"Popup\" style=\"display:none;width:auto;min-width:50%;max-width:70%;margin-top:40px;margin-bottom:40px;padding:40px;background:#e8e5e5;color:#060473;box-shadow:0px 0px 15px #333333;text-align:left\"><div role=\"form\" class=\"wpcf7\" id=\"wpcf7-f5571-o1\" lang=\"en-US\" dir=\"ltr\">\n<div class=\"screen-reader-response\"><p role=\"status\" aria-live=\"polite\" aria-atomic=\"true\"><\/p> <ul><\/ul><\/div>\n<form action=\"\/de\/wp-json\/wp\/v2\/pages\/4814#wpcf7-f5571-o1\" method=\"post\" class=\"wpcf7-form init\" novalidate=\"novalidate\" data-status=\"init\" data-trp-original-action=\"\/de\/wp-json\/wp\/v2\/pages\/4814#wpcf7-f5571-o1\">\n<div style=\"display: none;\">\n<input type=\"hidden\" name=\"_wpcf7\" value=\"5571\" \/>\n<input type=\"hidden\" name=\"_wpcf7_version\" value=\"5.5.6\" \/>\n<input type=\"hidden\" name=\"_wpcf7_locale\" value=\"en_US\" \/>\n<input type=\"hidden\" name=\"_wpcf7_unit_tag\" value=\"wpcf7-f5571-o1\" \/>\n<input type=\"hidden\" name=\"_wpcf7_container_post\" value=\"0\" \/>\n<input type=\"hidden\" name=\"_wpcf7_posted_data_hash\" value=\"\" \/>\n<\/div>\n<div class=\"popmakerform\">\n<p>Ihr Name <span style=\"color:red;\">*<span><br \/>\n<span class=\"wpcf7-form-control-wrap your-name\"><input type=\"text\" name=\"your-name\" value=\"\" size=\"40\" class=\"wpcf7-form-control wpcf7-text wpcf7-validates-as-required\" aria-required=\"true\" aria-invalid=\"false\" \/><\/span><\/p>\n<p>Deine E-Mail <span style=\"color:red;\">*<span><br \/>\n<span class=\"wpcf7-form-control-wrap your-email\"><input type=\"email\" name=\"your-email\" value=\"\" size=\"40\" class=\"wpcf7-form-control wpcf7-text wpcf7-email wpcf7-validates-as-required wpcf7-validates-as-email\" aria-required=\"true\" aria-invalid=\"false\" \/><\/span><\/p>\n<p>Ihre Telefonnummer<br \/>\n<span class=\"wpcf7-form-control-wrap your-phone\"><input type=\"text\" name=\"your-phone\" value=\"\" size=\"40\" class=\"wpcf7-form-control wpcf7-text\" aria-invalid=\"false\" \/><\/span><\/p>\n<p>Ihr Land<br \/>\n<span class=\"wpcf7-form-control-wrap your-country\"><input type=\"text\" name=\"your-country\" value=\"\" size=\"40\" class=\"wpcf7-form-control wpcf7-text\" aria-invalid=\"false\" \/><\/span><\/p>\n<p>Detaillierte Anforderung <span style=\"color:red;\">*<span><br \/>\n<span class=\"wpcf7-form-control-wrap your-requirement\"><textarea name=\"your-requirement\" cols=\"40\" rows=\"4\" class=\"wpcf7-form-control wpcf7-textarea wpcf7-validates-as-required\" aria-required=\"true\" aria-invalid=\"false\"><\/textarea><\/span><\/p>\n<p><input type=\"submit\" value=\"Angebot einholen\" class=\"wpcf7-form-control has-spinner wpcf7-submit\" \/><\/p>\n<\/div>\n<p style=\"display: none !important;\"><label>&#916;<textarea name=\"_wpcf7_ak_hp_textarea\" cols=\"45\" rows=\"8\" maxlength=\"100\"><\/textarea><\/label><input type=\"hidden\" id=\"ak_js_1\" name=\"_wpcf7_ak_js\" value=\"102\"\/><script>document.getElementById( \"ak_js_1\" ).setAttribute( \"value\", ( new Date() ).getTime() );<\/script><\/p><input type='hidden' class='wpcf7-pum' value='{\"closepopup\":false,\"closedelay\":0,\"openpopup\":false,\"openpopup_id\":0}' \/><div class=\"wpcf7-response-output\" aria-hidden=\"true\"><\/div><input type=\"hidden\" name=\"trp-form-language\" value=\"de\"\/><\/form><\/div><\/div>\n<h3>Bitte teilen Sie uns Ihre Anforderungen mit.<\/h3>\n<div role=\"form\" class=\"wpcf7\" id=\"wpcf7-f6-o2\" lang=\"en-US\" dir=\"ltr\">\n<div class=\"screen-reader-response\"><p role=\"status\" aria-live=\"polite\" aria-atomic=\"true\"><\/p> <ul><\/ul><\/div>\n<form action=\"\/de\/wp-json\/wp\/v2\/pages\/4814#wpcf7-f6-o2\" method=\"post\" class=\"wpcf7-form init\" novalidate=\"novalidate\" data-status=\"init\" data-trp-original-action=\"\/de\/wp-json\/wp\/v2\/pages\/4814#wpcf7-f6-o2\">\n<div style=\"display: none;\">\n<input type=\"hidden\" name=\"_wpcf7\" value=\"6\" \/>\n<input type=\"hidden\" name=\"_wpcf7_version\" value=\"5.5.6\" \/>\n<input type=\"hidden\" name=\"_wpcf7_locale\" value=\"en_US\" \/>\n<input type=\"hidden\" name=\"_wpcf7_unit_tag\" value=\"wpcf7-f6-o2\" \/>\n<input type=\"hidden\" name=\"_wpcf7_container_post\" value=\"0\" \/>\n<input type=\"hidden\" name=\"_wpcf7_posted_data_hash\" value=\"\" \/>\n<\/div>\n<div class=\"messageform\">\n<p><strong><span style=\"color:red;\"><\/span> Ihr Name<\/strong><br \/>\n    <span class=\"wpcf7-form-control-wrap your-name\"><input type=\"text\" name=\"your-name\" value=\"\" size=\"40\" class=\"wpcf7-form-control wpcf7-text\" aria-invalid=\"false\" \/><\/span> <\/p>\n<p><strong><span style=\"color:red;\">*<\/span> Deine E-Mail<\/strong><br \/>\n    <span class=\"wpcf7-form-control-wrap your-email\"><input type=\"email\" name=\"your-email\" value=\"\" size=\"40\" class=\"wpcf7-form-control wpcf7-text wpcf7-email wpcf7-validates-as-required wpcf7-validates-as-email\" aria-required=\"true\" aria-invalid=\"false\" \/><\/span> <\/p>\n<p><strong>Ihre Telefonnummer<\/strong><br \/>\n    <span class=\"wpcf7-form-control-wrap your-phone\"><input type=\"text\" name=\"your-phone\" value=\"\" size=\"40\" class=\"wpcf7-form-control wpcf7-text\" aria-invalid=\"false\" placeholder=\"Geben Sie die Vorwahl ein\" \/><\/span> <\/p>\n<p><strong>Ihr Land<\/strong><br \/>\n    <span class=\"wpcf7-form-control-wrap your-country\"><input type=\"text\" name=\"your-country\" value=\"\" size=\"40\" class=\"wpcf7-form-control wpcf7-text\" aria-invalid=\"false\" \/><\/span> <\/p>\n<p><strong><span style=\"color:red;\">*<\/span> Ihr Bedarf<\/strong><br \/>\n    <span class=\"wpcf7-form-control-wrap your-requirement\"><textarea name=\"your-requirement\" cols=\"40\" rows=\"10\" class=\"wpcf7-form-control wpcf7-textarea wpcf7-validates-as-required bestonmessage\" aria-required=\"true\" aria-invalid=\"false\" placeholder=\"F\u00fcr ein detailliertes Angebot senden Sie uns bitte Ihre ausf\u00fchrlichen Anforderungen.\"><\/textarea><\/span> <\/p>\n<p><input type=\"submit\" value=\"Nachricht senden\" class=\"wpcf7-form-control has-spinner wpcf7-submit\" \/><\/p>\n<\/div>\n<p style=\"display: none !important;\"><label>&#916;<textarea name=\"_wpcf7_ak_hp_textarea\" cols=\"45\" rows=\"8\" maxlength=\"100\"><\/textarea><\/label><input type=\"hidden\" id=\"ak_js_2\" name=\"_wpcf7_ak_js\" value=\"171\"\/><script>document.getElementById( \"ak_js_2\" ).setAttribute( \"value\", ( new Date() ).getTime() );<\/script><\/p><input type='hidden' class='wpcf7-pum' value='{\"closepopup\":false,\"closedelay\":0,\"openpopup\":false,\"openpopup_id\":0}' \/><div class=\"wpcf7-response-output\" aria-hidden=\"true\"><\/div><input type=\"hidden\" name=\"trp-form-language\" value=\"de\"\/><\/form><\/div>","protected":false},"excerpt":{"rendered":"<p>Wie viel kostet 240mm einadriges Kabel? Wenn Sie nach 11kv 1c x 240mm Schirmkabel suchen, k\u00f6nnen Sie viele Preise von verschiedenen Anbietern von 240mm einadrigen Kabeln erhalten. Im Allgemeinen, wenn Sie fragen, 1 x 240mm2 Marine gepanzertes Kabel Preis, der 240mm xlpe Kabel Lieferant kann Ihnen zwei Teile Preis. ... <a class=\"read-more\" href=\"https:\/\/huadongswacable.com\/de\/240mm-einzelader-kabel\/\">Weiterlesen ...<\/a><\/p>","protected":false},"author":1,"featured_media":0,"parent":0,"menu_order":0,"comment_status":"closed","ping_status":"closed","template":"","meta":{"footnotes":""},"class_list":["post-4814","page","type-page","status-publish"],"yoast_head":"<!-- This site is optimized with the Yoast SEO plugin v18.4.1 - https:\/\/yoast.com\/wordpress\/plugins\/seo\/ -->\n<title>How Much is 240mm Single Core Cable | 1cx240mm2 XLPE\/PVC Cable<\/title>\n<meta name=\"description\" content=\"You can contact us to get best 240mm single core cable price. We are manufacturers of 11kv 15kv 12\/20 25\/35 1Cx240mm2 aluminium power cable.\" \/>\n<meta name=\"robots\" content=\"index, follow, max-snippet:-1, max-image-preview:large, max-video-preview:-1\" \/>\n<link rel=\"canonical\" href=\"https:\/\/huadongswacable.com\/de\/240mm-einzelader-kabel\/\" \/>\n<meta property=\"og:locale\" content=\"de_DE\" \/>\n<meta property=\"og:type\" content=\"article\" \/>\n<meta property=\"og:title\" content=\"How Much is 240mm Single Core Cable | 1cx240mm2 XLPE\/PVC Cable\" \/>\n<meta property=\"og:description\" content=\"You can contact us to get best 240mm single core cable price. We are manufacturers of 11kv 15kv 12\/20 25\/35 1Cx240mm2 aluminium power cable.\" \/>\n<meta property=\"og:url\" content=\"https:\/\/huadongswacable.com\/de\/240mm-einzelader-kabel\/\" \/>\n<meta property=\"og:site_name\" content=\"Huadong SWA Cable\" \/>\n<meta property=\"article:modified_time\" content=\"2022-12-21T07:15:23+00:00\" \/>\n<meta property=\"og:image\" content=\"https:\/\/huadongswacable.com\/wp-content\/uploads\/2020\/09\/240mm-single-core-cable-structure.jpg\" \/>\n<meta name=\"twitter:card\" content=\"summary_large_image\" \/>\n<meta name=\"twitter:label1\" content=\"Gesch\u00e4tzte Lesezeit\" \/>\n\t<meta name=\"twitter:data1\" content=\"3\u00a0Minuten\" \/>\n<script type=\"application\/ld+json\" class=\"yoast-schema-graph\">{\"@context\":\"https:\/\/schema.org\",\"@graph\":[{\"@type\":\"WebSite\",\"@id\":\"http:\/\/huadongswacable.com\/ru\/#website\",\"url\":\"http:\/\/huadongswacable.com\/ru\/\",\"name\":\"Huadong SWA Cable\",\"description\":\"Huadong SWA Cable\",\"potentialAction\":[{\"@type\":\"SearchAction\",\"target\":{\"@type\":\"EntryPoint\",\"urlTemplate\":\"http:\/\/huadongswacable.com\/ru\/?s={search_term_string}\"},\"query-input\":\"required name=search_term_string\"}],\"inLanguage\":\"de\"},{\"@type\":\"ImageObject\",\"@id\":\"https:\/\/huadongswacable.com\/240mm-single-core-cable\/#primaryimage\",\"inLanguage\":\"de\",\"url\":\"https:\/\/huadongswacable.com\/wp-content\/uploads\/2020\/09\/240mm-single-core-cable-structure.jpg\",\"contentUrl\":\"https:\/\/huadongswacable.com\/wp-content\/uploads\/2020\/09\/240mm-single-core-cable-structure.jpg\",\"width\":750,\"height\":268,\"caption\":\"240mm single core cable structure\"},{\"@type\":\"WebPage\",\"@id\":\"https:\/\/huadongswacable.com\/240mm-single-core-cable\/#webpage\",\"url\":\"https:\/\/huadongswacable.com\/240mm-single-core-cable\/\",\"name\":\"How Much is 240mm Single Core Cable | 1cx240mm2 XLPE\/PVC Cable\",\"isPartOf\":{\"@id\":\"http:\/\/huadongswacable.com\/ru\/#website\"},\"primaryImageOfPage\":{\"@id\":\"https:\/\/huadongswacable.com\/240mm-single-core-cable\/#primaryimage\"},\"datePublished\":\"2020-08-31T09:51:08+00:00\",\"dateModified\":\"2022-12-21T07:15:23+00:00\",\"description\":\"You can contact us to get best 240mm single core cable price. We are manufacturers of 11kv 15kv 12\/20 25\/35 1Cx240mm2 aluminium power cable.\",\"breadcrumb\":{\"@id\":\"https:\/\/huadongswacable.com\/240mm-single-core-cable\/#breadcrumb\"},\"inLanguage\":\"de\",\"potentialAction\":[{\"@type\":\"ReadAction\",\"target\":[\"https:\/\/huadongswacable.com\/240mm-single-core-cable\/\"]}]},{\"@type\":\"BreadcrumbList\",\"@id\":\"https:\/\/huadongswacable.com\/240mm-single-core-cable\/#breadcrumb\",\"itemListElement\":[{\"@type\":\"ListItem\",\"position\":1,\"name\":\"Home\",\"item\":\"http:\/\/huadongswacable.com\/ru\/\"},{\"@type\":\"ListItem\",\"position\":2,\"name\":\"Price of 11kv 15kv 33kv 240mm single core cable\"}]}]}<\/script>\n<!-- \/ Yoast SEO plugin. -->","yoast_head_json":{"title":"How Much is 240mm Single Core Cable | 1cx240mm2 XLPE\/PVC Cable","description":"You can contact us to get best 240mm single core cable price. We are manufacturers of 11kv 15kv 12\/20 25\/35 1Cx240mm2 aluminium power cable.","robots":{"index":"index","follow":"follow","max-snippet":"max-snippet:-1","max-image-preview":"max-image-preview:large","max-video-preview":"max-video-preview:-1"},"canonical":"https:\/\/huadongswacable.com\/de\/240mm-einzelader-kabel\/","og_locale":"de_DE","og_type":"article","og_title":"How Much is 240mm Single Core Cable | 1cx240mm2 XLPE\/PVC Cable","og_description":"You can contact us to get best 240mm single core cable price. We are manufacturers of 11kv 15kv 12\/20 25\/35 1Cx240mm2 aluminium power cable.","og_url":"https:\/\/huadongswacable.com\/de\/240mm-einzelader-kabel\/","og_site_name":"Huadong SWA Cable","article_modified_time":"2022-12-21T07:15:23+00:00","og_image":[{"url":"https:\/\/huadongswacable.com\/wp-content\/uploads\/2020\/09\/240mm-single-core-cable-structure.jpg"}],"twitter_card":"summary_large_image","twitter_misc":{"Gesch\u00e4tzte Lesezeit":"3\u00a0Minuten"},"schema":{"@context":"https:\/\/schema.org","@graph":[{"@type":"WebSite","@id":"http:\/\/huadongswacable.com\/ru\/#website","url":"http:\/\/huadongswacable.com\/ru\/","name":"Huadong SWA Cable","description":"Huadong SWA Cable","potentialAction":[{"@type":"SearchAction","target":{"@type":"EntryPoint","urlTemplate":"http:\/\/huadongswacable.com\/ru\/?s={search_term_string}"},"query-input":"required name=search_term_string"}],"inLanguage":"de"},{"@type":"ImageObject","@id":"https:\/\/huadongswacable.com\/240mm-single-core-cable\/#primaryimage","inLanguage":"de","url":"https:\/\/huadongswacable.com\/wp-content\/uploads\/2020\/09\/240mm-single-core-cable-structure.jpg","contentUrl":"https:\/\/huadongswacable.com\/wp-content\/uploads\/2020\/09\/240mm-single-core-cable-structure.jpg","width":750,"height":268,"caption":"240mm single core cable structure"},{"@type":"WebPage","@id":"https:\/\/huadongswacable.com\/240mm-single-core-cable\/#webpage","url":"https:\/\/huadongswacable.com\/240mm-single-core-cable\/","name":"How Much is 240mm Single Core Cable | 1cx240mm2 XLPE\/PVC Cable","isPartOf":{"@id":"http:\/\/huadongswacable.com\/ru\/#website"},"primaryImageOfPage":{"@id":"https:\/\/huadongswacable.com\/240mm-single-core-cable\/#primaryimage"},"datePublished":"2020-08-31T09:51:08+00:00","dateModified":"2022-12-21T07:15:23+00:00","description":"You can contact us to get best 240mm single core cable price. We are manufacturers of 11kv 15kv 12\/20 25\/35 1Cx240mm2 aluminium power cable.","breadcrumb":{"@id":"https:\/\/huadongswacable.com\/240mm-single-core-cable\/#breadcrumb"},"inLanguage":"de","potentialAction":[{"@type":"ReadAction","target":["https:\/\/huadongswacable.com\/240mm-single-core-cable\/"]}]},{"@type":"BreadcrumbList","@id":"https:\/\/huadongswacable.com\/240mm-single-core-cable\/#breadcrumb","itemListElement":[{"@type":"ListItem","position":1,"name":"Home","item":"http:\/\/huadongswacable.com\/ru\/"},{"@type":"ListItem","position":2,"name":"Price of 11kv 15kv 33kv 240mm single core cable"}]}]}},"_links":{"self":[{"href":"https:\/\/huadongswacable.com\/de\/wp-json\/wp\/v2\/pages\/4814","targetHints":{"allow":["GET"]}}],"collection":[{"href":"https:\/\/huadongswacable.com\/de\/wp-json\/wp\/v2\/pages"}],"about":[{"href":"https:\/\/huadongswacable.com\/de\/wp-json\/wp\/v2\/types\/page"}],"author":[{"embeddable":true,"href":"https:\/\/huadongswacable.com\/de\/wp-json\/wp\/v2\/users\/1"}],"replies":[{"embeddable":true,"href":"https:\/\/huadongswacable.com\/de\/wp-json\/wp\/v2\/comments?post=4814"}],"version-history":[{"count":24,"href":"https:\/\/huadongswacable.com\/de\/wp-json\/wp\/v2\/pages\/4814\/revisions"}],"predecessor-version":[{"id":7812,"href":"https:\/\/huadongswacable.com\/de\/wp-json\/wp\/v2\/pages\/4814\/revisions\/7812"}],"wp:attachment":[{"href":"https:\/\/huadongswacable.com\/de\/wp-json\/wp\/v2\/media?parent=4814"}],"curies":[{"name":"wp","href":"https:\/\/api.w.org\/{rel}","templated":true}]}}